{"id":2238,"date":"2023-06-20T17:30:47","date_gmt":"2023-06-21T00:30:47","guid":{"rendered":"https:\/\/design.niicoo.com\/powerhealth9230616\/?post_type=product&#038;p=2238"},"modified":"2023-12-19T16:29:13","modified_gmt":"2023-12-20T00:29:13","slug":"power-kidney-45-capsulas","status":"publish","type":"product","link":"https:\/\/powerhealth9.com\/es\/producto\/power-kidney-45-capsulas\/","title":{"rendered":"Power Kidney 45 C\u00e1psulas <br>Compre 2 Y Obtenga 1 GRATIS"},"content":{"rendered":"<p><strong>Aspectos destacados<\/strong><\/p>\n<ul>\n<li>Soporte integral para los ri\u00f1ones*<\/li>\n<li>Promueve una funci\u00f3n urinaria saludable*<\/li>\n<li>Mejora y nutre los ri\u00f1ones*<\/li>\n<li>Apoya el equilibrio de l\u00edquidos*<\/li>\n<\/ul>\n","protected":false},"excerpt":{"rendered":"<p>Aspectos destacados Soporte integral para los ri\u00f1ones* Promueve una funci\u00f3n urinaria saludable* Mejora y nutre los ri\u00f1ones* Apoya el equilibrio de l\u00edquidos*<\/p>\n","protected":false},"featured_media":1939,"comment_status":"open","ping_status":"closed","template":"","meta":[],"product_brand":[],"product_cat":[56],"product_tag":[],"class_list":{"0":"post-2238","1":"product","2":"type-product","3":"status-publish","4":"has-post-thumbnail","6":"product_cat-productos","8":"first","9":"instock","10":"sale","11":"taxable","12":"shipping-taxable","13":"purchasable","14":"product-type-simple"},"_links":{"self":[{"href":"https:\/\/powerhealth9.com\/es\/wp-json\/wp\/v2\/product\/2238","targetHints":{"allow":["GET"]}}],"collection":[{"href":"https:\/\/powerhealth9.com\/es\/wp-json\/wp\/v2\/product"}],"about":[{"href":"https:\/\/powerhealth9.com\/es\/wp-json\/wp\/v2\/types\/product"}],"replies":[{"embeddable":true,"href":"https:\/\/powerhealth9.com\/es\/wp-json\/wp\/v2\/comments?post=2238"}],"version-history":[{"count":5,"href":"https:\/\/powerhealth9.com\/es\/wp-json\/wp\/v2\/product\/2238\/revisions"}],"predecessor-version":[{"id":3594,"href":"https:\/\/powerhealth9.com\/es\/wp-json\/wp\/v2\/product\/2238\/revisions\/3594"}],"wp:featuredmedia":[{"embeddable":true,"href":"https:\/\/powerhealth9.com\/es\/wp-json\/wp\/v2\/media\/1939"}],"wp:attachment":[{"href":"https:\/\/powerhealth9.com\/es\/wp-json\/wp\/v2\/media?parent=2238"}],"wp:term":[{"taxonomy":"product_brand","embeddable":true,"href":"https:\/\/powerhealth9.com\/es\/wp-json\/wp\/v2\/product_brand?post=2238"},{"taxonomy":"product_cat","embeddable":true,"href":"https:\/\/powerhealth9.com\/es\/wp-json\/wp\/v2\/product_cat?post=2238"},{"taxonomy":"product_tag","embeddable":true,"href":"https:\/\/powerhealth9.com\/es\/wp-json\/wp\/v2\/product_tag?post=2238"}],"curies":[{"name":"wp","href":"https:\/\/api.w.org\/{rel}","templated":true}]}}