{"id":2246,"date":"2023-06-20T17:45:24","date_gmt":"2023-06-21T00:45:24","guid":{"rendered":"https:\/\/design.niicoo.com\/powerhealth9230616\/?post_type=product&#038;p=2246"},"modified":"2023-12-19T16:29:30","modified_gmt":"2023-12-20T00:29:30","slug":"power-heart-45-capsulas","status":"publish","type":"product","link":"https:\/\/powerhealth9.com\/es\/producto\/power-heart-45-capsulas\/","title":{"rendered":"Power Heart 45 C\u00e1psulas <br>Compre 2 Y Obtenga 1 GRATIS"},"content":{"rendered":"<p><strong>Aspectos destacados<\/strong><\/p>\n<ul>\n<li>Coenzima Q-10 para la producci\u00f3n de energ\u00eda*<\/li>\n<li>Optimiza el soporte para la presi\u00f3n arterial*<\/li>\n<li>Promueve una funci\u00f3n card\u00edaca saludable y una circulaci\u00f3n clara*<\/li>\n<li>Mejora la circulaci\u00f3n sangu\u00ednea en el coraz\u00f3n y el cerebro para mantener la presi\u00f3n arterial normal*<\/li>\n<\/ul>\n","protected":false},"excerpt":{"rendered":"<p>Aspectos destacados Coenzima Q-10 para la producci\u00f3n de energ\u00eda* Optimiza el soporte para la presi\u00f3n arterial* Promueve una funci\u00f3n card\u00edaca saludable y una circulaci\u00f3n clara* Mejora la circulaci\u00f3n sangu\u00ednea en el coraz\u00f3n y el cerebro para mantener la presi\u00f3n arterial normal*<\/p>\n","protected":false},"featured_media":3151,"comment_status":"open","ping_status":"closed","template":"","meta":[],"product_brand":[],"product_cat":[56],"product_tag":[],"class_list":{"0":"post-2246","1":"product","2":"type-product","3":"status-publish","4":"has-post-thumbnail","6":"product_cat-productos","8":"first","9":"instock","10":"sale","11":"taxable","12":"shipping-taxable","13":"purchasable","14":"product-type-simple"},"_links":{"self":[{"href":"https:\/\/powerhealth9.com\/es\/wp-json\/wp\/v2\/product\/2246","targetHints":{"allow":["GET"]}}],"collection":[{"href":"https:\/\/powerhealth9.com\/es\/wp-json\/wp\/v2\/product"}],"about":[{"href":"https:\/\/powerhealth9.com\/es\/wp-json\/wp\/v2\/types\/product"}],"replies":[{"embeddable":true,"href":"https:\/\/powerhealth9.com\/es\/wp-json\/wp\/v2\/comments?post=2246"}],"version-history":[{"count":6,"href":"https:\/\/powerhealth9.com\/es\/wp-json\/wp\/v2\/product\/2246\/revisions"}],"predecessor-version":[{"id":3595,"href":"https:\/\/powerhealth9.com\/es\/wp-json\/wp\/v2\/product\/2246\/revisions\/3595"}],"wp:featuredmedia":[{"embeddable":true,"href":"https:\/\/powerhealth9.com\/es\/wp-json\/wp\/v2\/media\/3151"}],"wp:attachment":[{"href":"https:\/\/powerhealth9.com\/es\/wp-json\/wp\/v2\/media?parent=2246"}],"wp:term":[{"taxonomy":"product_brand","embeddable":true,"href":"https:\/\/powerhealth9.com\/es\/wp-json\/wp\/v2\/product_brand?post=2246"},{"taxonomy":"product_cat","embeddable":true,"href":"https:\/\/powerhealth9.com\/es\/wp-json\/wp\/v2\/product_cat?post=2246"},{"taxonomy":"product_tag","embeddable":true,"href":"https:\/\/powerhealth9.com\/es\/wp-json\/wp\/v2\/product_tag?post=2246"}],"curies":[{"name":"wp","href":"https:\/\/api.w.org\/{rel}","templated":true}]}}