{"id":2250,"date":"2023-06-20T19:31:54","date_gmt":"2023-06-21T02:31:54","guid":{"rendered":"https:\/\/design.niicoo.com\/powerhealth9230616\/?post_type=product&#038;p=2250"},"modified":"2023-12-19T16:32:49","modified_gmt":"2023-12-20T00:32:49","slug":"power-diabetes-45-capsulas","status":"publish","type":"product","link":"https:\/\/powerhealth9.com\/es\/producto\/power-diabetes-45-capsulas\/","title":{"rendered":"Power Diabetes 45 C\u00e1psulas <br>Compre 2 Y Obtenga 1 GRATIS"},"content":{"rendered":"<p><strong>Aspectos destacados<\/strong><\/p>\n<ul>\n<li>Apoya una funci\u00f3n saludable de la insulina*<\/li>\n<li>Regula los niveles de az\u00facar en la sangre*<\/li>\n<li>Mejora los niveles de energ\u00eda*<\/li>\n<li>Promueve la salud cardiovascular*<\/li>\n<\/ul>\n","protected":false},"excerpt":{"rendered":"<p>Aspectos destacados Apoya una funci\u00f3n saludable de la insulina* Regula los niveles de az\u00facar en la sangre* Mejora los niveles de energ\u00eda* Promueve la salud cardiovascular*<\/p>\n","protected":false},"featured_media":1942,"comment_status":"open","ping_status":"closed","template":"","meta":[],"product_brand":[],"product_cat":[56],"product_tag":[],"class_list":{"0":"post-2250","1":"product","2":"type-product","3":"status-publish","4":"has-post-thumbnail","6":"product_cat-productos","8":"first","9":"instock","10":"sale","11":"featured","12":"taxable","13":"shipping-taxable","14":"purchasable","15":"product-type-simple"},"_links":{"self":[{"href":"https:\/\/powerhealth9.com\/es\/wp-json\/wp\/v2\/product\/2250","targetHints":{"allow":["GET"]}}],"collection":[{"href":"https:\/\/powerhealth9.com\/es\/wp-json\/wp\/v2\/product"}],"about":[{"href":"https:\/\/powerhealth9.com\/es\/wp-json\/wp\/v2\/types\/product"}],"replies":[{"embeddable":true,"href":"https:\/\/powerhealth9.com\/es\/wp-json\/wp\/v2\/comments?post=2250"}],"version-history":[{"count":8,"href":"https:\/\/powerhealth9.com\/es\/wp-json\/wp\/v2\/product\/2250\/revisions"}],"predecessor-version":[{"id":3607,"href":"https:\/\/powerhealth9.com\/es\/wp-json\/wp\/v2\/product\/2250\/revisions\/3607"}],"wp:featuredmedia":[{"embeddable":true,"href":"https:\/\/powerhealth9.com\/es\/wp-json\/wp\/v2\/media\/1942"}],"wp:attachment":[{"href":"https:\/\/powerhealth9.com\/es\/wp-json\/wp\/v2\/media?parent=2250"}],"wp:term":[{"taxonomy":"product_brand","embeddable":true,"href":"https:\/\/powerhealth9.com\/es\/wp-json\/wp\/v2\/product_brand?post=2250"},{"taxonomy":"product_cat","embeddable":true,"href":"https:\/\/powerhealth9.com\/es\/wp-json\/wp\/v2\/product_cat?post=2250"},{"taxonomy":"product_tag","embeddable":true,"href":"https:\/\/powerhealth9.com\/es\/wp-json\/wp\/v2\/product_tag?post=2250"}],"curies":[{"name":"wp","href":"https:\/\/api.w.org\/{rel}","templated":true}]}}