{"id":2256,"date":"2023-06-20T19:36:29","date_gmt":"2023-06-21T02:36:29","guid":{"rendered":"https:\/\/design.niicoo.com\/powerhealth9230616\/?post_type=product&#038;p=2256"},"modified":"2023-12-19T16:29:47","modified_gmt":"2023-12-20T00:29:47","slug":"power-lung-45-capsulas","status":"publish","type":"product","link":"https:\/\/powerhealth9.com\/es\/producto\/power-lung-45-capsulas\/","title":{"rendered":"Power Lung 45 C\u00e1psulas <br>Compre 2 Y Obtenga 1 GRATIS"},"content":{"rendered":"<p><strong>Aspectos destacados<\/strong><\/p>\n<ul>\n<li>Apoya una funci\u00f3n pulmonar saludable*<\/li>\n<li>Mejora la eficiencia respiratoria*<\/li>\n<li>Promueve la reparaci\u00f3n y protecci\u00f3n del tejido<\/li>\n<li>Ayuda a despejar las v\u00edas respiratorias*<\/li>\n<\/ul>\n","protected":false},"excerpt":{"rendered":"<p>Aspectos destacados Apoya una funci\u00f3n pulmonar saludable* Mejora la eficiencia respiratoria* Promueve la reparaci\u00f3n y protecci\u00f3n del tejido Ayuda a despejar las v\u00edas respiratorias*<\/p>\n","protected":false},"featured_media":1945,"comment_status":"open","ping_status":"closed","template":"","meta":[],"product_brand":[],"product_cat":[56],"product_tag":[],"class_list":{"0":"post-2256","1":"product","2":"type-product","3":"status-publish","4":"has-post-thumbnail","6":"product_cat-productos","8":"first","9":"instock","10":"sale","11":"taxable","12":"shipping-taxable","13":"purchasable","14":"product-type-simple"},"_links":{"self":[{"href":"https:\/\/powerhealth9.com\/es\/wp-json\/wp\/v2\/product\/2256","targetHints":{"allow":["GET"]}}],"collection":[{"href":"https:\/\/powerhealth9.com\/es\/wp-json\/wp\/v2\/product"}],"about":[{"href":"https:\/\/powerhealth9.com\/es\/wp-json\/wp\/v2\/types\/product"}],"replies":[{"embeddable":true,"href":"https:\/\/powerhealth9.com\/es\/wp-json\/wp\/v2\/comments?post=2256"}],"version-history":[{"count":7,"href":"https:\/\/powerhealth9.com\/es\/wp-json\/wp\/v2\/product\/2256\/revisions"}],"predecessor-version":[{"id":3596,"href":"https:\/\/powerhealth9.com\/es\/wp-json\/wp\/v2\/product\/2256\/revisions\/3596"}],"wp:featuredmedia":[{"embeddable":true,"href":"https:\/\/powerhealth9.com\/es\/wp-json\/wp\/v2\/media\/1945"}],"wp:attachment":[{"href":"https:\/\/powerhealth9.com\/es\/wp-json\/wp\/v2\/media?parent=2256"}],"wp:term":[{"taxonomy":"product_brand","embeddable":true,"href":"https:\/\/powerhealth9.com\/es\/wp-json\/wp\/v2\/product_brand?post=2256"},{"taxonomy":"product_cat","embeddable":true,"href":"https:\/\/powerhealth9.com\/es\/wp-json\/wp\/v2\/product_cat?post=2256"},{"taxonomy":"product_tag","embeddable":true,"href":"https:\/\/powerhealth9.com\/es\/wp-json\/wp\/v2\/product_tag?post=2256"}],"curies":[{"name":"wp","href":"https:\/\/api.w.org\/{rel}","templated":true}]}}