{"id":2277,"date":"2023-06-20T20:07:53","date_gmt":"2023-06-21T03:07:53","guid":{"rendered":"https:\/\/design.niicoo.com\/powerhealth9230616\/?post_type=product&#038;p=2277"},"modified":"2023-12-19T16:31:43","modified_gmt":"2023-12-20T00:31:43","slug":"power-menopause-45-capsulas","status":"publish","type":"product","link":"https:\/\/powerhealth9.com\/es\/producto\/power-menopause-45-capsulas\/","title":{"rendered":"Power Menopause 45 C\u00e1psulas <br>Compre 2 Y Obtenga 1 GRATIS"},"content":{"rendered":"<p><strong>Aspectos destacados<\/strong><\/p>\n<ul>\n<li>Alivia los s\u00edntomas de la menopausia*<\/li>\n<li>Mejora el metabolismo*<\/li>\n<li>Mejora el estado de \u00e1nimo y el bienestar emocional*<\/li>\n<li>Aumenta los niveles de energ\u00eda*<\/li>\n<li>Control de peso y prevenci\u00f3n de la hinchaz\u00f3n*<\/li>\n<\/ul>\n","protected":false},"excerpt":{"rendered":"<p>Aspectos destacados Alivia los s\u00edntomas de la menopausia* Mejora el metabolismo* Mejora el estado de \u00e1nimo y el bienestar emocional* Aumenta los niveles de energ\u00eda* Control de peso y prevenci\u00f3n de la hinchaz\u00f3n*<\/p>\n","protected":false},"featured_media":1197,"comment_status":"open","ping_status":"closed","template":"","meta":[],"product_brand":[],"product_cat":[56],"product_tag":[],"class_list":{"0":"post-2277","1":"product","2":"type-product","3":"status-publish","4":"has-post-thumbnail","6":"product_cat-productos","8":"first","9":"instock","10":"sale","11":"taxable","12":"shipping-taxable","13":"purchasable","14":"product-type-simple"},"_links":{"self":[{"href":"https:\/\/powerhealth9.com\/es\/wp-json\/wp\/v2\/product\/2277","targetHints":{"allow":["GET"]}}],"collection":[{"href":"https:\/\/powerhealth9.com\/es\/wp-json\/wp\/v2\/product"}],"about":[{"href":"https:\/\/powerhealth9.com\/es\/wp-json\/wp\/v2\/types\/product"}],"replies":[{"embeddable":true,"href":"https:\/\/powerhealth9.com\/es\/wp-json\/wp\/v2\/comments?post=2277"}],"version-history":[{"count":7,"href":"https:\/\/powerhealth9.com\/es\/wp-json\/wp\/v2\/product\/2277\/revisions"}],"predecessor-version":[{"id":3603,"href":"https:\/\/powerhealth9.com\/es\/wp-json\/wp\/v2\/product\/2277\/revisions\/3603"}],"wp:featuredmedia":[{"embeddable":true,"href":"https:\/\/powerhealth9.com\/es\/wp-json\/wp\/v2\/media\/1197"}],"wp:attachment":[{"href":"https:\/\/powerhealth9.com\/es\/wp-json\/wp\/v2\/media?parent=2277"}],"wp:term":[{"taxonomy":"product_brand","embeddable":true,"href":"https:\/\/powerhealth9.com\/es\/wp-json\/wp\/v2\/product_brand?post=2277"},{"taxonomy":"product_cat","embeddable":true,"href":"https:\/\/powerhealth9.com\/es\/wp-json\/wp\/v2\/product_cat?post=2277"},{"taxonomy":"product_tag","embeddable":true,"href":"https:\/\/powerhealth9.com\/es\/wp-json\/wp\/v2\/product_tag?post=2277"}],"curies":[{"name":"wp","href":"https:\/\/api.w.org\/{rel}","templated":true}]}}