{"id":2290,"date":"2023-07-01T12:36:38","date_gmt":"2023-07-01T19:36:38","guid":{"rendered":"https:\/\/design.niicoo.com\/powerhealth9230616\/?post_type=product&#038;p=2290"},"modified":"2023-07-02T20:10:57","modified_gmt":"2023-07-03T03:10:57","slug":"eternal-detox-30-bolsas","status":"publish","type":"product","link":"https:\/\/powerhealth9.com\/es\/producto\/eternal-detox-30-bolsas\/","title":{"rendered":"Eternal Detox 30 Bolsas"},"content":{"rendered":"<p><strong>Aspectos destacados<\/strong><\/p>\n<ul>\n<li>Mantiene una funci\u00f3n hep\u00e1tica saludable*<\/li>\n<li>Mejora el sistema inmunol\u00f3gico*<\/li>\n<li>Promueve un envejecimiento saludable*<\/li>\n<li>Fortalece las funciones del coraz\u00f3n*<\/li>\n<\/ul>\n","protected":false},"excerpt":{"rendered":"<p>Aspectos destacados Mantiene una funci\u00f3n hep\u00e1tica saludable* Mejora el sistema inmunol\u00f3gico* Promueve un envejecimiento saludable* Fortalece las funciones del coraz\u00f3n*<\/p>\n","protected":false},"featured_media":1161,"comment_status":"open","ping_status":"closed","template":"","meta":[],"product_brand":[],"product_cat":[56],"product_tag":[],"class_list":{"0":"post-2290","1":"product","2":"type-product","3":"status-publish","4":"has-post-thumbnail","6":"product_cat-productos","8":"first","9":"instock","10":"sale","11":"taxable","12":"shipping-taxable","13":"purchasable","14":"product-type-simple"},"_links":{"self":[{"href":"https:\/\/powerhealth9.com\/es\/wp-json\/wp\/v2\/product\/2290","targetHints":{"allow":["GET"]}}],"collection":[{"href":"https:\/\/powerhealth9.com\/es\/wp-json\/wp\/v2\/product"}],"about":[{"href":"https:\/\/powerhealth9.com\/es\/wp-json\/wp\/v2\/types\/product"}],"replies":[{"embeddable":true,"href":"https:\/\/powerhealth9.com\/es\/wp-json\/wp\/v2\/comments?post=2290"}],"version-history":[{"count":4,"href":"https:\/\/powerhealth9.com\/es\/wp-json\/wp\/v2\/product\/2290\/revisions"}],"predecessor-version":[{"id":2294,"href":"https:\/\/powerhealth9.com\/es\/wp-json\/wp\/v2\/product\/2290\/revisions\/2294"}],"wp:featuredmedia":[{"embeddable":true,"href":"https:\/\/powerhealth9.com\/es\/wp-json\/wp\/v2\/media\/1161"}],"wp:attachment":[{"href":"https:\/\/powerhealth9.com\/es\/wp-json\/wp\/v2\/media?parent=2290"}],"wp:term":[{"taxonomy":"product_brand","embeddable":true,"href":"https:\/\/powerhealth9.com\/es\/wp-json\/wp\/v2\/product_brand?post=2290"},{"taxonomy":"product_cat","embeddable":true,"href":"https:\/\/powerhealth9.com\/es\/wp-json\/wp\/v2\/product_cat?post=2290"},{"taxonomy":"product_tag","embeddable":true,"href":"https:\/\/powerhealth9.com\/es\/wp-json\/wp\/v2\/product_tag?post=2290"}],"curies":[{"name":"wp","href":"https:\/\/api.w.org\/{rel}","templated":true}]}}